{"id":934,"date":"2025-10-29T10:29:02","date_gmt":"2025-10-29T09:29:02","guid":{"rendered":"https:\/\/www.ostseetraum-ferienwohnungen.de\/?page_id=934"},"modified":"2026-02-10T17:42:00","modified_gmt":"2026-02-10T16:42:00","slug":"eigentuemer-werden","status":"publish","type":"page","link":"https:\/\/www.ostseetraum-ferienwohnungen.de\/de\/service\/eigentuemer-werden\/","title":{"rendered":"Eigent\u00fcmer werden"},"content":{"rendered":"\t\t<div data-elementor-type=\"wp-page\" data-elementor-id=\"934\" class=\"elementor elementor-934\" data-elementor-post-type=\"page\">\n\t\t\t\t<div class=\"elementor-element elementor-element-fb97bec e-flex e-con-boxed e-con e-parent\" data-id=\"fb97bec\" data-element_type=\"container\">\n\t\t\t\t\t<div class=\"e-con-inner\">\n\t\t\t\t<div class=\"elementor-element elementor-element-7a6cd8b elementor-widget elementor-widget-heading\" data-id=\"7a6cd8b\" data-element_type=\"widget\" data-widget_type=\"heading.default\">\n\t\t\t\t\t<h1 class=\"elementor-heading-title elementor-size-default\">F\u00fcr Eigent\u00fcmer<\/h1>\t\t\t\t<\/div>\n\t\t\t\t<div class=\"elementor-element elementor-element-a253ea4 elementor-widget elementor-widget-heading\" data-id=\"a253ea4\" data-element_type=\"widget\" data-widget_type=\"heading.default\">\n\t\t\t\t\t<h2 class=\"elementor-heading-title elementor-size-default\">Ihre Ferienimmobilie in besten H\u00e4nden<\/h2>\t\t\t\t<\/div>\n\t\t\t\t<div class=\"elementor-element elementor-element-f10a065 elementor-widget__width-initial elementor-widget-tablet__width-inherit elementor-widget elementor-widget-text-editor\" data-id=\"f10a065\" data-element_type=\"widget\" data-widget_type=\"text-editor.default\">\n\t\t\t\t\t\t\t\t\t<p>Suchen Sie einen erfahrenen Partner f\u00fcr die erfolgreiche Vermietung Ihrer Ferienimmobilie? Dann sollten wir uns kennenlernen! Ostseetraum Ferienwohnungen ist eine der f\u00fchrenden Vermietungsagenturen in Mecklenburg-Vorpommern \u2013 darauf sind wir stolz.<\/p>\t\t\t\t\t\t\t\t<\/div>\n\t\t<div class=\"elementor-element elementor-element-78416f9 e-con-full e-flex e-con e-child\" data-id=\"78416f9\" data-element_type=\"container\">\n\t\t\t\t<div class=\"elementor-element elementor-element-1a64597 elementor-align-center elementor-widget elementor-widget-button\" data-id=\"1a64597\" data-element_type=\"widget\" data-widget_type=\"button.default\">\n\t\t\t\t\t\t\t\t\t\t<a class=\"elementor-button elementor-button-link elementor-size-sm\" href=\"https:\/\/partner.ostseetraum-ferienwohnungen.de\/login\" target=\"_blank\">\n\t\t\t\t\t\t<span class=\"elementor-button-content-wrapper\">\n\t\t\t\t\t\t\t\t\t<span class=\"elementor-button-text\">Zum Eigent\u00fcmerportal<\/span>\n\t\t\t\t\t<\/span>\n\t\t\t\t\t<\/a>\n\t\t\t\t\t\t\t\t<\/div>\n\t\t\t\t<\/div>\n\t\t\t\t\t<\/div>\n\t\t\t\t<\/div>\n\t\t<div class=\"elementor-element elementor-element-84bdb5a e-flex e-con-boxed e-con e-parent\" data-id=\"84bdb5a\" data-element_type=\"container\">\n\t\t\t\t\t<div class=\"e-con-inner\">\n\t\t<div class=\"elementor-element elementor-element-ecf5f60 e-flex e-con-boxed e-con e-child\" data-id=\"ecf5f60\" data-element_type=\"container\" data-settings=\"{&quot;background_background&quot;:&quot;classic&quot;}\">\n\t\t\t\t\t<div class=\"e-con-inner\">\n\t\t<div class=\"elementor-element elementor-element-78109a2 e-con-full e-flex e-con e-child\" data-id=\"78109a2\" data-element_type=\"container\" data-settings=\"{&quot;background_background&quot;:&quot;classic&quot;}\">\n\t\t\t\t<\/div>\n\t\t<div class=\"elementor-element elementor-element-ac04367 e-con-full e-flex e-con e-child\" data-id=\"ac04367\" data-element_type=\"container\">\n\t\t\t\t<div class=\"elementor-element elementor-element-a7ce68a elementor-widget elementor-widget-heading\" data-id=\"a7ce68a\" data-element_type=\"widget\" data-widget_type=\"heading.default\">\n\t\t\t\t\t<h2 class=\"elementor-heading-title elementor-size-default\">Vermarktung<\/h2>\t\t\t\t<\/div>\n\t\t\t\t<div class=\"elementor-element elementor-element-e2bd143 elementor-widget elementor-widget-text-editor\" data-id=\"e2bd143\" data-element_type=\"widget\" data-widget_type=\"text-editor.default\">\n\t\t\t\t\t\t\t\t\t<ul><li>ganzj\u00e4hrig besetztes B\u00fcro in B\u00f6rgerende und im Ostseebad Nienhagen<\/li><li>die Pr\u00e4senz Ihrer Ferienwohnung auf unserem Online Portal (Homepage)<\/li><li>Bewerbung der Wohnungen f\u00fcr die Ferienvermietung<\/li><li>Zeitungsinserate, Internetpr\u00e4sentation, Prospektvergabe vor Ort und Versandt auf Anfrage<\/li><li>Werbung mit Flyern und Katalogen vor Ort wie auch Versandt<\/li><li>Fertigung von Aktionsflyern<\/li><li>stetiger Auftritt im Gastgeberverzeichnis<\/li><li>Repr\u00e4sentation der Ferienwohnungen auch \u00fcber die angeschlossenen Agenturen in Warnem\u00fcnde, Berlin und M\u00fcnchen<\/li><\/ul>\t\t\t\t\t\t\t\t<\/div>\n\t\t\t\t<\/div>\n\t\t\t\t\t<\/div>\n\t\t\t\t<\/div>\n\t\t<div class=\"elementor-element elementor-element-d90e1e9 e-con-full e-flex e-con e-child\" data-id=\"d90e1e9\" data-element_type=\"container\" data-settings=\"{&quot;background_background&quot;:&quot;classic&quot;}\">\n\t\t<div class=\"elementor-element elementor-element-923b6e3 e-con-full e-flex e-con e-child\" data-id=\"923b6e3\" data-element_type=\"container\" data-settings=\"{&quot;background_background&quot;:&quot;classic&quot;}\">\n\t\t\t\t<\/div>\n\t\t<div class=\"elementor-element elementor-element-04950c9 e-con-full e-flex e-con e-child\" data-id=\"04950c9\" data-element_type=\"container\">\n\t\t\t\t<div class=\"elementor-element elementor-element-cb8870b elementor-widget elementor-widget-heading\" data-id=\"cb8870b\" data-element_type=\"widget\" data-widget_type=\"heading.default\">\n\t\t\t\t\t<h2 class=\"elementor-heading-title elementor-size-default\">G\u00e4ste- &amp; Eigent\u00fcmerbetreuung<\/h2>\t\t\t\t<\/div>\n\t\t\t\t<div class=\"elementor-element elementor-element-42f4331 elementor-widget elementor-widget-text-editor\" data-id=\"42f4331\" data-element_type=\"widget\" data-widget_type=\"text-editor.default\">\n\t\t\t\t\t\t\t\t\t<ul><li>Buchungen \u00fcbers Internet f\u00fcr alle Ferieng\u00e4ste und andere Agenturen jederzeit m\u00f6glich<\/li><li>Beratung der Ferieng\u00e4ste vor Ort, per Telefon und per E-Mail<\/li><li>Angebotserstellung und Vertragsabschluss mit den G\u00e4sten<\/li><li>T\u00e4gliche An- und Abreise m\u00f6glich<\/li><li>Buchungsm\u00f6glichkeiten: pers\u00f6nlich vor Ort, per Telefon, per E-Mail oder \u00fcber die Internetportale<\/li><li>G\u00e4steempfang und die Verabschiedung inklusiver Schl\u00fcsselausgabe und Schl\u00fcsselr\u00fcckgabe in unserem Agenturb\u00fcro<\/li><li>Abwicklung und Abrechnung der Kurtaxe<\/li><li>Pers\u00f6nliche Betreuung und Beratung der G\u00e4ste f\u00fcr den gesamten Urlaubsaufenthalt vor Ort<\/li><li>24 Stunden-Notfall-Service f\u00fcr G\u00e4ste vor Ort<\/li><li>\u00dcbernahme und Kontrolle der Mietzahlungen<\/li><li>Monatliche Abrechnungen mit Ihnen als Eigent\u00fcmer<\/li><li style=\"list-style-type: none;\">\u00a0<\/li><\/ul>\t\t\t\t\t\t\t\t<\/div>\n\t\t\t\t<\/div>\n\t\t\t\t<\/div>\n\t\t<div class=\"elementor-element elementor-element-95fe234 e-con-full e-flex e-con e-child\" data-id=\"95fe234\" data-element_type=\"container\" data-settings=\"{&quot;background_background&quot;:&quot;classic&quot;}\">\n\t\t<div class=\"elementor-element elementor-element-72d043c e-con-full e-flex e-con e-child\" data-id=\"72d043c\" data-element_type=\"container\" data-settings=\"{&quot;background_background&quot;:&quot;classic&quot;}\">\n\t\t\t\t<\/div>\n\t\t<div class=\"elementor-element elementor-element-0843d9d e-con-full e-flex e-con e-child\" data-id=\"0843d9d\" data-element_type=\"container\">\n\t\t\t\t<div class=\"elementor-element elementor-element-de98d94 elementor-widget elementor-widget-heading\" data-id=\"de98d94\" data-element_type=\"widget\" data-widget_type=\"heading.default\">\n\t\t\t\t\t<h2 class=\"elementor-heading-title elementor-size-default\">Serviceleistungen<\/h2>\t\t\t\t<\/div>\n\t\t\t\t<div class=\"elementor-element elementor-element-5a7d371 elementor-widget elementor-widget-text-editor\" data-id=\"5a7d371\" data-element_type=\"widget\" data-widget_type=\"text-editor.default\">\n\t\t\t\t\t\t\t\t\t<ul><li>Organisation und Durchf\u00fchrung der Endreinigungen inklusive stichpunktartiger Nachkontrollen<\/li><li>Organisation und Durchf\u00fchrung des W\u00e4scheservice<\/li><li>Organisation und Durchf\u00fchrung der j\u00e4hrlich anfallenden Grundreinigungen<\/li><li>Durchf\u00fchrung von Kleinreparaturen und Neuanschaffungen bei Bedarf<\/li><li>L\u00fcftungsservice (November \u2013 April)<\/li><li>Verleih von Kinderreisebetten \/ Kinderhochst\u00fchlen<\/li><li>Strandkorbvermietung in B\u00f6rgerende<\/li><li>Beschaffung und Ersatz von defekten oder verlorenen Einrichtungs-und Ausstattungsgegenst\u00e4nden<\/li><\/ul>\t\t\t\t\t\t\t\t<\/div>\n\t\t\t\t<\/div>\n\t\t\t\t<\/div>\n\t\t\t\t\t<\/div>\n\t\t\t\t<\/div>\n\t\t<div class=\"elementor-element elementor-element-4539f2f e-flex e-con-boxed e-con e-child\" data-id=\"4539f2f\" data-element_type=\"container\">\n\t\t\t\t\t<div class=\"e-con-inner\">\n\t\t\t\t<div class=\"elementor-element elementor-element-4976664 elementor-widget-divider--view-line elementor-widget elementor-widget-divider\" data-id=\"4976664\" data-element_type=\"widget\" data-widget_type=\"divider.default\">\n\t\t\t\t\t\t\t<div class=\"elementor-divider\">\n\t\t\t<span class=\"elementor-divider-separator\">\n\t\t\t\t\t\t<\/span>\n\t\t<\/div>\n\t\t\t\t\t\t<\/div>\n\t\t\t\t\t<\/div>\n\t\t\t\t<\/div>\n\t\t<div class=\"elementor-element elementor-element-752b5630 e-flex e-con-boxed e-con e-parent\" data-id=\"752b5630\" data-element_type=\"container\">\n\t\t\t\t\t<div class=\"e-con-inner\">\n\t\t\t\t<div class=\"elementor-element elementor-element-631d7ce7 elementor-widget elementor-widget-heading\" data-id=\"631d7ce7\" data-element_type=\"widget\" data-widget_type=\"heading.default\">\n\t\t\t\t\t<h2 class=\"elementor-heading-title elementor-size-default\">Gastgeber werden<\/h2>\t\t\t\t<\/div>\n\t\t\t\t<div class=\"elementor-element elementor-element-73dd0aa0 elementor-widget elementor-widget-heading\" data-id=\"73dd0aa0\" data-element_type=\"widget\" data-widget_type=\"heading.default\">\n\t\t\t\t\t<h3 class=\"elementor-heading-title elementor-size-default\">Warum Eigent\u00fcmer auf unsere Erfahrung setzen<\/h3>\t\t\t\t<\/div>\n\t\t\t\t<div class=\"elementor-element elementor-element-2ae93d89 elementor-widget__width-initial elementor-widget-tablet__width-inherit elementor-widget elementor-widget-text-editor\" data-id=\"2ae93d89\" data-element_type=\"widget\" data-widget_type=\"text-editor.default\">\n\t\t\t\t\t\t\t\t\t<p data-start=\"230\" data-end=\"525\">Wer seine Ferienimmobilie Ostseetraum Ferienwohnungen anvertraut, setzt auf eine Vermarktung mit Anspruch und Leidenschaft. Wir konzentrieren uns auf exklusive Apartments und H\u00e4user in erstklassigen Lagen \u2013 und sprechen damit genau die G\u00e4ste an, die Wert auf Qualit\u00e4t, Stil und Sorgfalt legen.<\/p>\n<p data-start=\"527\" data-end=\"809\">Unser erfahrenes Team \u00fcbernimmt alles pers\u00f6nlich: von der optimalen Pr\u00e4sentation \u00fcber die reibungslose Buchungsabwicklung bis hin zur individuellen G\u00e4stebetreuung vor Ort. Statt anonymer Massenabwicklung bieten wir echten Service mit Herz und Engagement \u2013 sp\u00fcrbar in jedem Detail.<\/p>\n<br>\n<p data-start=\"811\" data-end=\"937\"><strong data-start=\"811\" data-end=\"828\">Ihr Mehrwert:<\/strong> h\u00f6chste Auslastung, begeisterte G\u00e4ste und eine Betreuung, die den Wert Ihrer Immobilie langfristig erh\u00e4lt.<\/p>\t\t\t\t\t\t\t\t<\/div>\n\t\t\t\t\t<\/div>\n\t\t\t\t<\/div>\n\t\t\t\t<\/div>\n\t\t","protected":false},"excerpt":{"rendered":"<p>F\u00fcr Eigent\u00fcmer Ihre Ferienimmobilie in besten H\u00e4nden Suchen Sie einen erfahrenen Partner f\u00fcr die erfolgreiche Vermietung Ihrer Ferienimmobilie? Dann sollten wir uns kennenlernen! Ostseetraum Ferienwohnungen ist eine der f\u00fchrenden Vermietungsagenturen in Mecklenburg-Vorpommern \u2013 darauf sind wir stolz. Zum Eigent\u00fcmerportal Vermarktung ganzj\u00e4hrig besetztes B\u00fcro in B\u00f6rgerende und im Ostseebad Nienhagen die Pr\u00e4senz Ihrer Ferienwohnung auf unserem [&hellip;]<\/p>\n","protected":false},"author":1,"featured_media":0,"parent":926,"menu_order":0,"comment_status":"closed","ping_status":"closed","template":"","meta":{"_acf_changed":false,"footnotes":""},"seitenart":[],"class_list":["post-934","page","type-page","status-publish","hentry"],"acf":[],"yoast_head":"<!-- This site is optimized with the Yoast SEO plugin v27.3 - https:\/\/yoast.com\/product\/yoast-seo-wordpress\/ -->\n<title>Eigent\u00fcmer werden - Ostseetraum Ferienwohnungen<\/title>\n<meta name=\"description\" content=\"Fragen und W\u00fcnsche? Kontaktieren Sie uns gerne bei Fragen. Telefon: 0251 92873381, E-Mail schreiben: info@ostseetraum-ferienwohnungen.de\" \/>\n<meta name=\"robots\" content=\"index, follow, max-snippet:-1, max-image-preview:large, max-video-preview:-1\" \/>\n<link rel=\"canonical\" href=\"https:\/\/www.ostseetraum-ferienwohnungen.de\/de\/service\/eigentuemer-werden\/\" \/>\n<meta property=\"og:locale\" content=\"de_DE\" \/>\n<meta property=\"og:type\" content=\"article\" \/>\n<meta property=\"og:title\" content=\"Eigent\u00fcmer werden - Ostseetraum Ferienwohnungen\" \/>\n<meta property=\"og:description\" content=\"Fragen und W\u00fcnsche? Kontaktieren Sie uns gerne bei Fragen. Telefon: 0251 92873381, E-Mail schreiben: info@ostseetraum-ferienwohnungen.de\" \/>\n<meta property=\"og:url\" content=\"https:\/\/www.ostseetraum-ferienwohnungen.de\/de\/service\/eigentuemer-werden\/\" \/>\n<meta property=\"og:site_name\" content=\"Ostseetraum Ferienwohnungen\" \/>\n<meta property=\"article:modified_time\" content=\"2026-02-10T16:42:00+00:00\" \/>\n<meta name=\"twitter:card\" content=\"summary_large_image\" \/>\n<meta name=\"twitter:label1\" content=\"Gesch\u00e4tzte Lesezeit\" \/>\n\t<meta name=\"twitter:data1\" content=\"2\u00a0Minuten\" \/>\n<script type=\"application\/ld+json\" class=\"yoast-schema-graph\">{\"@context\":\"https:\\\/\\\/schema.org\",\"@graph\":[{\"@type\":\"WebPage\",\"@id\":\"https:\\\/\\\/www.ostseetraum-ferienwohnungen.de\\\/de\\\/service\\\/eigentuemer-werden\\\/\",\"url\":\"https:\\\/\\\/www.ostseetraum-ferienwohnungen.de\\\/de\\\/service\\\/eigentuemer-werden\\\/\",\"name\":\"Eigent\u00fcmer werden - Ostseetraum Ferienwohnungen\",\"isPartOf\":{\"@id\":\"https:\\\/\\\/www.ostseetraum-ferienwohnungen.de\\\/de\\\/#website\"},\"datePublished\":\"2025-10-29T09:29:02+00:00\",\"dateModified\":\"2026-02-10T16:42:00+00:00\",\"description\":\"Fragen und W\u00fcnsche? Kontaktieren Sie uns gerne bei Fragen. Telefon: 0251 92873381, E-Mail schreiben: info@ostseetraum-ferienwohnungen.de\",\"breadcrumb\":{\"@id\":\"https:\\\/\\\/www.ostseetraum-ferienwohnungen.de\\\/de\\\/service\\\/eigentuemer-werden\\\/#breadcrumb\"},\"inLanguage\":\"de\",\"potentialAction\":[{\"@type\":\"ReadAction\",\"target\":[\"https:\\\/\\\/www.ostseetraum-ferienwohnungen.de\\\/de\\\/service\\\/eigentuemer-werden\\\/\"]}]},{\"@type\":\"BreadcrumbList\",\"@id\":\"https:\\\/\\\/www.ostseetraum-ferienwohnungen.de\\\/de\\\/service\\\/eigentuemer-werden\\\/#breadcrumb\",\"itemListElement\":[{\"@type\":\"ListItem\",\"position\":1,\"name\":\"Startseite\",\"item\":\"https:\\\/\\\/www.ostseetraum-ferienwohnungen.de\\\/de\\\/\"},{\"@type\":\"ListItem\",\"position\":2,\"name\":\"Service\",\"item\":\"https:\\\/\\\/www.ostseetraum-ferienwohnungen.de\\\/de\\\/service\\\/\"},{\"@type\":\"ListItem\",\"position\":3,\"name\":\"Eigent\u00fcmer werden\"}]},{\"@type\":\"WebSite\",\"@id\":\"https:\\\/\\\/www.ostseetraum-ferienwohnungen.de\\\/de\\\/#website\",\"url\":\"https:\\\/\\\/www.ostseetraum-ferienwohnungen.de\\\/de\\\/\",\"name\":\"Ostseetraum Ferienwohnungen\",\"description\":\"\",\"publisher\":{\"@id\":\"https:\\\/\\\/www.ostseetraum-ferienwohnungen.de\\\/de\\\/#organization\"},\"potentialAction\":[{\"@type\":\"SearchAction\",\"target\":{\"@type\":\"EntryPoint\",\"urlTemplate\":\"https:\\\/\\\/www.ostseetraum-ferienwohnungen.de\\\/de\\\/?s={search_term_string}\"},\"query-input\":{\"@type\":\"PropertyValueSpecification\",\"valueRequired\":true,\"valueName\":\"search_term_string\"}}],\"inLanguage\":\"de\"},{\"@type\":\"Organization\",\"@id\":\"https:\\\/\\\/www.ostseetraum-ferienwohnungen.de\\\/de\\\/#organization\",\"name\":\"Ostseetraum Ferienwohnungen\",\"url\":\"https:\\\/\\\/www.ostseetraum-ferienwohnungen.de\\\/de\\\/\",\"logo\":{\"@type\":\"ImageObject\",\"inLanguage\":\"de\",\"@id\":\"https:\\\/\\\/www.ostseetraum-ferienwohnungen.de\\\/de\\\/#\\\/schema\\\/logo\\\/image\\\/\",\"url\":\"https:\\\/\\\/www.ostseetraum-ferienwohnungen.de\\\/wp-content\\\/uploads\\\/2025\\\/10\\\/OT-Logo-neu-dblau-Light-2.svg\",\"contentUrl\":\"https:\\\/\\\/www.ostseetraum-ferienwohnungen.de\\\/wp-content\\\/uploads\\\/2025\\\/10\\\/OT-Logo-neu-dblau-Light-2.svg\",\"caption\":\"Ostseetraum Ferienwohnungen\"},\"image\":{\"@id\":\"https:\\\/\\\/www.ostseetraum-ferienwohnungen.de\\\/de\\\/#\\\/schema\\\/logo\\\/image\\\/\"}}]}<\/script>\n<!-- \/ Yoast SEO plugin. -->","yoast_head_json":{"title":"Eigent\u00fcmer werden - Ostseetraum Ferienwohnungen","description":"Fragen und W\u00fcnsche? Kontaktieren Sie uns gerne bei Fragen. Telefon: 0251 92873381, E-Mail schreiben: info@ostseetraum-ferienwohnungen.de","robots":{"index":"index","follow":"follow","max-snippet":"max-snippet:-1","max-image-preview":"max-image-preview:large","max-video-preview":"max-video-preview:-1"},"canonical":"https:\/\/www.ostseetraum-ferienwohnungen.de\/de\/service\/eigentuemer-werden\/","og_locale":"de_DE","og_type":"article","og_title":"Eigent\u00fcmer werden - Ostseetraum Ferienwohnungen","og_description":"Fragen und W\u00fcnsche? Kontaktieren Sie uns gerne bei Fragen. Telefon: 0251 92873381, E-Mail schreiben: info@ostseetraum-ferienwohnungen.de","og_url":"https:\/\/www.ostseetraum-ferienwohnungen.de\/de\/service\/eigentuemer-werden\/","og_site_name":"Ostseetraum Ferienwohnungen","article_modified_time":"2026-02-10T16:42:00+00:00","twitter_card":"summary_large_image","twitter_misc":{"Gesch\u00e4tzte Lesezeit":"2\u00a0Minuten"},"schema":{"@context":"https:\/\/schema.org","@graph":[{"@type":"WebPage","@id":"https:\/\/www.ostseetraum-ferienwohnungen.de\/de\/service\/eigentuemer-werden\/","url":"https:\/\/www.ostseetraum-ferienwohnungen.de\/de\/service\/eigentuemer-werden\/","name":"Eigent\u00fcmer werden - Ostseetraum Ferienwohnungen","isPartOf":{"@id":"https:\/\/www.ostseetraum-ferienwohnungen.de\/de\/#website"},"datePublished":"2025-10-29T09:29:02+00:00","dateModified":"2026-02-10T16:42:00+00:00","description":"Fragen und W\u00fcnsche? Kontaktieren Sie uns gerne bei Fragen. Telefon: 0251 92873381, E-Mail schreiben: info@ostseetraum-ferienwohnungen.de","breadcrumb":{"@id":"https:\/\/www.ostseetraum-ferienwohnungen.de\/de\/service\/eigentuemer-werden\/#breadcrumb"},"inLanguage":"de","potentialAction":[{"@type":"ReadAction","target":["https:\/\/www.ostseetraum-ferienwohnungen.de\/de\/service\/eigentuemer-werden\/"]}]},{"@type":"BreadcrumbList","@id":"https:\/\/www.ostseetraum-ferienwohnungen.de\/de\/service\/eigentuemer-werden\/#breadcrumb","itemListElement":[{"@type":"ListItem","position":1,"name":"Startseite","item":"https:\/\/www.ostseetraum-ferienwohnungen.de\/de\/"},{"@type":"ListItem","position":2,"name":"Service","item":"https:\/\/www.ostseetraum-ferienwohnungen.de\/de\/service\/"},{"@type":"ListItem","position":3,"name":"Eigent\u00fcmer werden"}]},{"@type":"WebSite","@id":"https:\/\/www.ostseetraum-ferienwohnungen.de\/de\/#website","url":"https:\/\/www.ostseetraum-ferienwohnungen.de\/de\/","name":"Ostseetraum Ferienwohnungen","description":"","publisher":{"@id":"https:\/\/www.ostseetraum-ferienwohnungen.de\/de\/#organization"},"potentialAction":[{"@type":"SearchAction","target":{"@type":"EntryPoint","urlTemplate":"https:\/\/www.ostseetraum-ferienwohnungen.de\/de\/?s={search_term_string}"},"query-input":{"@type":"PropertyValueSpecification","valueRequired":true,"valueName":"search_term_string"}}],"inLanguage":"de"},{"@type":"Organization","@id":"https:\/\/www.ostseetraum-ferienwohnungen.de\/de\/#organization","name":"Ostseetraum Ferienwohnungen","url":"https:\/\/www.ostseetraum-ferienwohnungen.de\/de\/","logo":{"@type":"ImageObject","inLanguage":"de","@id":"https:\/\/www.ostseetraum-ferienwohnungen.de\/de\/#\/schema\/logo\/image\/","url":"https:\/\/www.ostseetraum-ferienwohnungen.de\/wp-content\/uploads\/2025\/10\/OT-Logo-neu-dblau-Light-2.svg","contentUrl":"https:\/\/www.ostseetraum-ferienwohnungen.de\/wp-content\/uploads\/2025\/10\/OT-Logo-neu-dblau-Light-2.svg","caption":"Ostseetraum Ferienwohnungen"},"image":{"@id":"https:\/\/www.ostseetraum-ferienwohnungen.de\/de\/#\/schema\/logo\/image\/"}}]}},"_links":{"self":[{"href":"https:\/\/www.ostseetraum-ferienwohnungen.de\/de\/wp-json\/wp\/v2\/pages\/934","targetHints":{"allow":["GET"]}}],"collection":[{"href":"https:\/\/www.ostseetraum-ferienwohnungen.de\/de\/wp-json\/wp\/v2\/pages"}],"about":[{"href":"https:\/\/www.ostseetraum-ferienwohnungen.de\/de\/wp-json\/wp\/v2\/types\/page"}],"author":[{"embeddable":true,"href":"https:\/\/www.ostseetraum-ferienwohnungen.de\/de\/wp-json\/wp\/v2\/users\/1"}],"replies":[{"embeddable":true,"href":"https:\/\/www.ostseetraum-ferienwohnungen.de\/de\/wp-json\/wp\/v2\/comments?post=934"}],"version-history":[{"count":30,"href":"https:\/\/www.ostseetraum-ferienwohnungen.de\/de\/wp-json\/wp\/v2\/pages\/934\/revisions"}],"predecessor-version":[{"id":17774,"href":"https:\/\/www.ostseetraum-ferienwohnungen.de\/de\/wp-json\/wp\/v2\/pages\/934\/revisions\/17774"}],"up":[{"embeddable":true,"href":"https:\/\/www.ostseetraum-ferienwohnungen.de\/de\/wp-json\/wp\/v2\/pages\/926"}],"wp:attachment":[{"href":"https:\/\/www.ostseetraum-ferienwohnungen.de\/de\/wp-json\/wp\/v2\/media?parent=934"}],"wp:term":[{"taxonomy":"seitenart","embeddable":true,"href":"https:\/\/www.ostseetraum-ferienwohnungen.de\/de\/wp-json\/wp\/v2\/seitenart?post=934"}],"curies":[{"name":"wp","href":"https:\/\/api.w.org\/{rel}","templated":true}]}}