{"id":930,"date":"2025-10-29T10:28:25","date_gmt":"2025-10-29T09:28:25","guid":{"rendered":"https:\/\/www.ostseetraum-ferienwohnungen.de\/?page_id=930"},"modified":"2026-01-21T10:33:04","modified_gmt":"2026-01-21T09:33:04","slug":"reiseversicherung","status":"publish","type":"page","link":"https:\/\/www.ostseetraum-ferienwohnungen.de\/de\/service\/reiseversicherung\/","title":{"rendered":"Reiseversicherung"},"content":{"rendered":"\t\t<div data-elementor-type=\"wp-page\" data-elementor-id=\"930\" class=\"elementor elementor-930\" data-elementor-post-type=\"page\">\n\t\t\t\t<div class=\"elementor-element elementor-element-369e3bf e-flex e-con-boxed e-con e-parent\" data-id=\"369e3bf\" data-element_type=\"container\">\n\t\t\t\t\t<div class=\"e-con-inner\">\n\t\t\t\t<div class=\"elementor-element elementor-element-948b0a9 elementor-widget elementor-widget-heading\" data-id=\"948b0a9\" data-element_type=\"widget\" data-widget_type=\"heading.default\">\n\t\t\t\t\t<h1 class=\"elementor-heading-title elementor-size-default\">Reiseversicherung<\/h1>\t\t\t\t<\/div>\n\t\t\t\t<div class=\"elementor-element elementor-element-abfc6c1 elementor-widget elementor-widget-heading\" data-id=\"abfc6c1\" data-element_type=\"widget\" data-widget_type=\"heading.default\">\n\t\t\t\t\t<h2 class=\"elementor-heading-title elementor-size-default\">Sicher und unbeschwert in den Urlaub<\/h2>\t\t\t\t<\/div>\n\t\t\t\t<div class=\"elementor-element elementor-element-aa2cd72 elementor-widget__width-initial elementor-widget-tablet__width-inherit elementor-widget elementor-widget-text-editor\" data-id=\"aa2cd72\" data-element_type=\"widget\" data-widget_type=\"text-editor.default\">\n\t\t\t\t\t\t\t\t\t<p>Sie werden vor der Reise krank, ein Angeh\u00f6riger hat einen Unfall, Sie sind von einer betriebsbedingten K\u00fcndigung betroffen! Aufgrund einer Autopanne w\u00e4hrend oder kurz vor der Anreise kommen Sie versp\u00e4tet an?<\/p><p>\u00a0<\/p><p>Die entgangenen Urlaubsfreuden k\u00f6nnen wir Ihnen nicht ersetzen, m\u00f6gliche finanzielle Sch\u00e4den schon!<\/p><p>\u00a0<\/p><p>Die ERGO Reiseversicherung, unser Partner in Sachen Reiseschutz \u00fcbernimmt Ihr finanzielles Risiko einer Stornierung oder eines versp\u00e4teten Reiseantritts aus versichertem Grund.<\/p>\t\t\t\t\t\t\t\t<\/div>\n\t\t\t\t\t<\/div>\n\t\t\t\t<\/div>\n\t\t<div class=\"elementor-element elementor-element-25fd056 e-flex e-con-boxed e-con e-parent\" data-id=\"25fd056\" data-element_type=\"container\">\n\t\t\t\t\t<div class=\"e-con-inner\">\n\t\t\t\t<div class=\"elementor-element elementor-element-17842c1 elementor-widget-divider--view-line elementor-widget elementor-widget-divider\" data-id=\"17842c1\" data-element_type=\"widget\" data-widget_type=\"divider.default\">\n\t\t\t\t\t\t\t<div class=\"elementor-divider\">\n\t\t\t<span class=\"elementor-divider-separator\">\n\t\t\t\t\t\t<\/span>\n\t\t<\/div>\n\t\t\t\t\t\t<\/div>\n\t\t\t\t\t<\/div>\n\t\t\t\t<\/div>\n\t\t<div class=\"elementor-element elementor-element-ca25bc5 e-flex e-con-boxed e-con e-parent\" data-id=\"ca25bc5\" data-element_type=\"container\">\n\t\t\t\t\t<div class=\"e-con-inner\">\n\t\t\t\t<div class=\"elementor-element elementor-element-367757b elementor-absolute elementor-widget__width-initial elementor-widget-mobile__width-initial elementor-widget elementor-widget-image\" data-id=\"367757b\" data-element_type=\"widget\" data-settings=\"{&quot;_position&quot;:&quot;absolute&quot;}\" data-widget_type=\"image.default\">\n\t\t\t\t\t\t\t\t\t\t\t\t\t\t\t<img decoding=\"async\" width=\"90\" height=\"60\" src=\"https:\/\/www.ostseetraum-ferienwohnungen.de\/wp-content\/uploads\/2025\/11\/ERGO-Versicherung.png\" class=\"attachment-large size-large wp-image-12280\" alt=\"\" \/>\t\t\t\t\t\t\t\t\t\t\t\t\t\t\t<\/div>\n\t\t\t\t<div class=\"elementor-element elementor-element-e2d9566 elementor-widget-tablet__width-inherit elementor-widget elementor-widget-text-editor\" data-id=\"e2d9566\" data-element_type=\"widget\" data-widget_type=\"text-editor.default\">\n\t\t\t\t\t\t\t\t\t<p style=\"text-align: center;\">Die\u00a0<strong>Reiser\u00fccktritts-Versicherung<\/strong>\u00a0bietet Ihnen nicht nur Schutz bei Stornierung, sondern auch bei einem unerwarteten Abbruch der Reise. In diesem Fall erstattet die ERGO Reiseversicherung die Kosten f\u00fcr die nicht genutzten Aufenthaltstage und \u00fcbernimmt zus\u00e4tzliche R\u00fcckreisekosten. Somit sind Sie vor und w\u00e4hrend der Reise finanziell bestens gesch\u00fctzt.<\/p><p style=\"text-align: center;\">Das\u00a0<strong>Deutschland-Reiseschutz-Paket<\/strong>\u00a0bietet sogar noch mehr: Neben den Leistungen der Reiser\u00fccktritts-Versicherung beinhaltet es zus\u00e4tzlich den Krankenr\u00fccktransport mit medizinischer Notfall-Hilfe (wird nicht von den gesetzlichen Krankenkassen \u00fcbernommen) sowie eine Reisegep\u00e4ck-Versicherung inklusive Sportger\u00e4te-Absicherung. Erreicht Ihr aufgegebenes Reisegep\u00e4ck erst 12 Stunden nach Ihnen den Zielort werden die Kosten f\u00fcr Ersatzk\u00e4ufe erstattet.<\/p>\t\t\t\t\t\t\t\t<\/div>\n\t\t\t\t\t<\/div>\n\t\t\t\t<\/div>\n\t\t<div class=\"elementor-element elementor-element-c56d223 e-flex e-con-boxed e-con e-parent\" data-id=\"c56d223\" data-element_type=\"container\">\n\t\t\t\t\t<div class=\"e-con-inner\">\n\t\t\t\t<div class=\"elementor-element elementor-element-63c8bbf elementor-align-center elementor-widget elementor-widget-button\" data-id=\"63c8bbf\" data-element_type=\"widget\" data-widget_type=\"button.default\">\n\t\t\t\t\t\t\t\t\t\t<a class=\"elementor-button elementor-button-link elementor-size-sm\" href=\"https:\/\/app.ergo-reiseversicherung.de\/ba4\/landingPage.html?appname=ba-tid&#038;partnerid=086681000485\" target=\"_blank\">\n\t\t\t\t\t\t<span class=\"elementor-button-content-wrapper\">\n\t\t\t\t\t\t<span class=\"elementor-button-icon\">\n\t\t\t\t<svg xmlns=\"http:\/\/www.w3.org\/2000\/svg\" id=\"Ebene_1\" viewBox=\"0 0 24 24\"><path d=\"M7,23.7c-.4,0-.7-.1-1-.4-.5-.5-.5-1.4,0-1.9l9.4-9.4L6.1,2.6c-.5-.5-.5-1.4,0-1.9s1.4-.5,1.9,0l11.3,11.3-11.3,11.3c-.3.3-.6.4-1,.4Z\"><\/path><\/svg>\t\t\t<\/span>\n\t\t\t\t\t\t\t\t\t<span class=\"elementor-button-text\">Reiseschutz online buchen<\/span>\n\t\t\t\t\t<\/span>\n\t\t\t\t\t<\/a>\n\t\t\t\t\t\t\t\t<\/div>\n\t\t\t\t<div class=\"elementor-element elementor-element-a05774d elementor-widget-divider--view-line elementor-widget elementor-widget-divider\" data-id=\"a05774d\" data-element_type=\"widget\" data-widget_type=\"divider.default\">\n\t\t\t\t\t\t\t<div class=\"elementor-divider\">\n\t\t\t<span class=\"elementor-divider-separator\">\n\t\t\t\t\t\t<\/span>\n\t\t<\/div>\n\t\t\t\t\t\t<\/div>\n\t\t\t\t\t<\/div>\n\t\t\t\t<\/div>\n\t\t\t\t<\/div>\n\t\t","protected":false},"excerpt":{"rendered":"<p>Reiseversicherung Sicher und unbeschwert in den Urlaub Sie werden vor der Reise krank, ein Angeh\u00f6riger hat einen Unfall, Sie sind von einer betriebsbedingten K\u00fcndigung betroffen! Aufgrund einer Autopanne w\u00e4hrend oder kurz vor der Anreise kommen Sie versp\u00e4tet an? \u00a0 Die entgangenen Urlaubsfreuden k\u00f6nnen wir Ihnen nicht ersetzen, m\u00f6gliche finanzielle Sch\u00e4den schon! \u00a0 Die ERGO Reiseversicherung, [&hellip;]<\/p>\n","protected":false},"author":1,"featured_media":12161,"parent":926,"menu_order":0,"comment_status":"closed","ping_status":"closed","template":"","meta":{"_acf_changed":false,"footnotes":""},"seitenart":[],"class_list":["post-930","page","type-page","status-publish","has-post-thumbnail","hentry"],"acf":[],"yoast_head":"<!-- This site is optimized with the Yoast SEO plugin v27.3 - https:\/\/yoast.com\/product\/yoast-seo-wordpress\/ -->\n<title>Reiseversicherung - Ostseetraum Ferienwohnungen<\/title>\n<meta name=\"description\" content=\"Manchmal kommt es anders: Krankheit, unvorhergesehene Ereignisse oder eine notwendige Plan\u00e4nderung k\u00f6nnen Ihre Reisepl\u00e4ne durchkreuzen.\" \/>\n<meta name=\"robots\" content=\"index, follow, max-snippet:-1, max-image-preview:large, max-video-preview:-1\" \/>\n<link rel=\"canonical\" href=\"https:\/\/www.ostseetraum-ferienwohnungen.de\/de\/service\/reiseversicherung\/\" \/>\n<meta property=\"og:locale\" content=\"de_DE\" \/>\n<meta property=\"og:type\" content=\"article\" \/>\n<meta property=\"og:title\" content=\"Reiseversicherung - Ostseetraum Ferienwohnungen\" \/>\n<meta property=\"og:description\" content=\"Manchmal kommt es anders: Krankheit, unvorhergesehene Ereignisse oder eine notwendige Plan\u00e4nderung k\u00f6nnen Ihre Reisepl\u00e4ne durchkreuzen.\" \/>\n<meta property=\"og:url\" content=\"https:\/\/www.ostseetraum-ferienwohnungen.de\/de\/service\/reiseversicherung\/\" \/>\n<meta property=\"og:site_name\" content=\"Ostseetraum Ferienwohnungen\" \/>\n<meta property=\"article:modified_time\" content=\"2026-01-21T09:33:04+00:00\" \/>\n<meta property=\"og:image\" content=\"https:\/\/www.ostseetraum-ferienwohnungen.de\/wp-content\/uploads\/2025\/11\/Last-Minute-1-scaled-e1763374469697.jpeg\" \/>\n\t<meta property=\"og:image:width\" content=\"2560\" \/>\n\t<meta property=\"og:image:height\" content=\"1327\" \/>\n\t<meta property=\"og:image:type\" content=\"image\/jpeg\" \/>\n<meta name=\"twitter:card\" content=\"summary_large_image\" \/>\n<meta name=\"twitter:label1\" content=\"Gesch\u00e4tzte Lesezeit\" \/>\n\t<meta name=\"twitter:data1\" content=\"1\u00a0Minute\" \/>\n<script type=\"application\/ld+json\" class=\"yoast-schema-graph\">{\"@context\":\"https:\\\/\\\/schema.org\",\"@graph\":[{\"@type\":\"WebPage\",\"@id\":\"https:\\\/\\\/www.ostseetraum-ferienwohnungen.de\\\/de\\\/service\\\/reiseversicherung\\\/\",\"url\":\"https:\\\/\\\/www.ostseetraum-ferienwohnungen.de\\\/de\\\/service\\\/reiseversicherung\\\/\",\"name\":\"Reiseversicherung - Ostseetraum Ferienwohnungen\",\"isPartOf\":{\"@id\":\"https:\\\/\\\/www.ostseetraum-ferienwohnungen.de\\\/de\\\/#website\"},\"primaryImageOfPage\":{\"@id\":\"https:\\\/\\\/www.ostseetraum-ferienwohnungen.de\\\/de\\\/service\\\/reiseversicherung\\\/#primaryimage\"},\"image\":{\"@id\":\"https:\\\/\\\/www.ostseetraum-ferienwohnungen.de\\\/de\\\/service\\\/reiseversicherung\\\/#primaryimage\"},\"thumbnailUrl\":\"https:\\\/\\\/www.ostseetraum-ferienwohnungen.de\\\/wp-content\\\/uploads\\\/2025\\\/11\\\/Last-Minute-1-scaled-e1763374469697.jpeg\",\"datePublished\":\"2025-10-29T09:28:25+00:00\",\"dateModified\":\"2026-01-21T09:33:04+00:00\",\"description\":\"Manchmal kommt es anders: Krankheit, unvorhergesehene Ereignisse oder eine notwendige Plan\u00e4nderung k\u00f6nnen Ihre Reisepl\u00e4ne durchkreuzen.\",\"breadcrumb\":{\"@id\":\"https:\\\/\\\/www.ostseetraum-ferienwohnungen.de\\\/de\\\/service\\\/reiseversicherung\\\/#breadcrumb\"},\"inLanguage\":\"de\",\"potentialAction\":[{\"@type\":\"ReadAction\",\"target\":[\"https:\\\/\\\/www.ostseetraum-ferienwohnungen.de\\\/de\\\/service\\\/reiseversicherung\\\/\"]}]},{\"@type\":\"ImageObject\",\"inLanguage\":\"de\",\"@id\":\"https:\\\/\\\/www.ostseetraum-ferienwohnungen.de\\\/de\\\/service\\\/reiseversicherung\\\/#primaryimage\",\"url\":\"https:\\\/\\\/www.ostseetraum-ferienwohnungen.de\\\/wp-content\\\/uploads\\\/2025\\\/11\\\/Last-Minute-1-scaled-e1763374469697.jpeg\",\"contentUrl\":\"https:\\\/\\\/www.ostseetraum-ferienwohnungen.de\\\/wp-content\\\/uploads\\\/2025\\\/11\\\/Last-Minute-1-scaled-e1763374469697.jpeg\",\"width\":2560,\"height\":1327},{\"@type\":\"BreadcrumbList\",\"@id\":\"https:\\\/\\\/www.ostseetraum-ferienwohnungen.de\\\/de\\\/service\\\/reiseversicherung\\\/#breadcrumb\",\"itemListElement\":[{\"@type\":\"ListItem\",\"position\":1,\"name\":\"Startseite\",\"item\":\"https:\\\/\\\/www.ostseetraum-ferienwohnungen.de\\\/de\\\/\"},{\"@type\":\"ListItem\",\"position\":2,\"name\":\"Service\",\"item\":\"https:\\\/\\\/www.ostseetraum-ferienwohnungen.de\\\/de\\\/service\\\/\"},{\"@type\":\"ListItem\",\"position\":3,\"name\":\"Reiseversicherung\"}]},{\"@type\":\"WebSite\",\"@id\":\"https:\\\/\\\/www.ostseetraum-ferienwohnungen.de\\\/de\\\/#website\",\"url\":\"https:\\\/\\\/www.ostseetraum-ferienwohnungen.de\\\/de\\\/\",\"name\":\"Ostseetraum Ferienwohnungen\",\"description\":\"\",\"publisher\":{\"@id\":\"https:\\\/\\\/www.ostseetraum-ferienwohnungen.de\\\/de\\\/#organization\"},\"potentialAction\":[{\"@type\":\"SearchAction\",\"target\":{\"@type\":\"EntryPoint\",\"urlTemplate\":\"https:\\\/\\\/www.ostseetraum-ferienwohnungen.de\\\/de\\\/?s={search_term_string}\"},\"query-input\":{\"@type\":\"PropertyValueSpecification\",\"valueRequired\":true,\"valueName\":\"search_term_string\"}}],\"inLanguage\":\"de\"},{\"@type\":\"Organization\",\"@id\":\"https:\\\/\\\/www.ostseetraum-ferienwohnungen.de\\\/de\\\/#organization\",\"name\":\"Ostseetraum Ferienwohnungen\",\"url\":\"https:\\\/\\\/www.ostseetraum-ferienwohnungen.de\\\/de\\\/\",\"logo\":{\"@type\":\"ImageObject\",\"inLanguage\":\"de\",\"@id\":\"https:\\\/\\\/www.ostseetraum-ferienwohnungen.de\\\/de\\\/#\\\/schema\\\/logo\\\/image\\\/\",\"url\":\"https:\\\/\\\/www.ostseetraum-ferienwohnungen.de\\\/wp-content\\\/uploads\\\/2025\\\/10\\\/OT-Logo-neu-dblau-Light-2.svg\",\"contentUrl\":\"https:\\\/\\\/www.ostseetraum-ferienwohnungen.de\\\/wp-content\\\/uploads\\\/2025\\\/10\\\/OT-Logo-neu-dblau-Light-2.svg\",\"caption\":\"Ostseetraum Ferienwohnungen\"},\"image\":{\"@id\":\"https:\\\/\\\/www.ostseetraum-ferienwohnungen.de\\\/de\\\/#\\\/schema\\\/logo\\\/image\\\/\"}}]}<\/script>\n<!-- \/ Yoast SEO plugin. -->","yoast_head_json":{"title":"Reiseversicherung - Ostseetraum Ferienwohnungen","description":"Manchmal kommt es anders: Krankheit, unvorhergesehene Ereignisse oder eine notwendige Plan\u00e4nderung k\u00f6nnen Ihre Reisepl\u00e4ne durchkreuzen.","robots":{"index":"index","follow":"follow","max-snippet":"max-snippet:-1","max-image-preview":"max-image-preview:large","max-video-preview":"max-video-preview:-1"},"canonical":"https:\/\/www.ostseetraum-ferienwohnungen.de\/de\/service\/reiseversicherung\/","og_locale":"de_DE","og_type":"article","og_title":"Reiseversicherung - Ostseetraum Ferienwohnungen","og_description":"Manchmal kommt es anders: Krankheit, unvorhergesehene Ereignisse oder eine notwendige Plan\u00e4nderung k\u00f6nnen Ihre Reisepl\u00e4ne durchkreuzen.","og_url":"https:\/\/www.ostseetraum-ferienwohnungen.de\/de\/service\/reiseversicherung\/","og_site_name":"Ostseetraum Ferienwohnungen","article_modified_time":"2026-01-21T09:33:04+00:00","og_image":[{"width":2560,"height":1327,"url":"https:\/\/www.ostseetraum-ferienwohnungen.de\/wp-content\/uploads\/2025\/11\/Last-Minute-1-scaled-e1763374469697.jpeg","type":"image\/jpeg"}],"twitter_card":"summary_large_image","twitter_misc":{"Gesch\u00e4tzte Lesezeit":"1\u00a0Minute"},"schema":{"@context":"https:\/\/schema.org","@graph":[{"@type":"WebPage","@id":"https:\/\/www.ostseetraum-ferienwohnungen.de\/de\/service\/reiseversicherung\/","url":"https:\/\/www.ostseetraum-ferienwohnungen.de\/de\/service\/reiseversicherung\/","name":"Reiseversicherung - Ostseetraum Ferienwohnungen","isPartOf":{"@id":"https:\/\/www.ostseetraum-ferienwohnungen.de\/de\/#website"},"primaryImageOfPage":{"@id":"https:\/\/www.ostseetraum-ferienwohnungen.de\/de\/service\/reiseversicherung\/#primaryimage"},"image":{"@id":"https:\/\/www.ostseetraum-ferienwohnungen.de\/de\/service\/reiseversicherung\/#primaryimage"},"thumbnailUrl":"https:\/\/www.ostseetraum-ferienwohnungen.de\/wp-content\/uploads\/2025\/11\/Last-Minute-1-scaled-e1763374469697.jpeg","datePublished":"2025-10-29T09:28:25+00:00","dateModified":"2026-01-21T09:33:04+00:00","description":"Manchmal kommt es anders: Krankheit, unvorhergesehene Ereignisse oder eine notwendige Plan\u00e4nderung k\u00f6nnen Ihre Reisepl\u00e4ne durchkreuzen.","breadcrumb":{"@id":"https:\/\/www.ostseetraum-ferienwohnungen.de\/de\/service\/reiseversicherung\/#breadcrumb"},"inLanguage":"de","potentialAction":[{"@type":"ReadAction","target":["https:\/\/www.ostseetraum-ferienwohnungen.de\/de\/service\/reiseversicherung\/"]}]},{"@type":"ImageObject","inLanguage":"de","@id":"https:\/\/www.ostseetraum-ferienwohnungen.de\/de\/service\/reiseversicherung\/#primaryimage","url":"https:\/\/www.ostseetraum-ferienwohnungen.de\/wp-content\/uploads\/2025\/11\/Last-Minute-1-scaled-e1763374469697.jpeg","contentUrl":"https:\/\/www.ostseetraum-ferienwohnungen.de\/wp-content\/uploads\/2025\/11\/Last-Minute-1-scaled-e1763374469697.jpeg","width":2560,"height":1327},{"@type":"BreadcrumbList","@id":"https:\/\/www.ostseetraum-ferienwohnungen.de\/de\/service\/reiseversicherung\/#breadcrumb","itemListElement":[{"@type":"ListItem","position":1,"name":"Startseite","item":"https:\/\/www.ostseetraum-ferienwohnungen.de\/de\/"},{"@type":"ListItem","position":2,"name":"Service","item":"https:\/\/www.ostseetraum-ferienwohnungen.de\/de\/service\/"},{"@type":"ListItem","position":3,"name":"Reiseversicherung"}]},{"@type":"WebSite","@id":"https:\/\/www.ostseetraum-ferienwohnungen.de\/de\/#website","url":"https:\/\/www.ostseetraum-ferienwohnungen.de\/de\/","name":"Ostseetraum Ferienwohnungen","description":"","publisher":{"@id":"https:\/\/www.ostseetraum-ferienwohnungen.de\/de\/#organization"},"potentialAction":[{"@type":"SearchAction","target":{"@type":"EntryPoint","urlTemplate":"https:\/\/www.ostseetraum-ferienwohnungen.de\/de\/?s={search_term_string}"},"query-input":{"@type":"PropertyValueSpecification","valueRequired":true,"valueName":"search_term_string"}}],"inLanguage":"de"},{"@type":"Organization","@id":"https:\/\/www.ostseetraum-ferienwohnungen.de\/de\/#organization","name":"Ostseetraum Ferienwohnungen","url":"https:\/\/www.ostseetraum-ferienwohnungen.de\/de\/","logo":{"@type":"ImageObject","inLanguage":"de","@id":"https:\/\/www.ostseetraum-ferienwohnungen.de\/de\/#\/schema\/logo\/image\/","url":"https:\/\/www.ostseetraum-ferienwohnungen.de\/wp-content\/uploads\/2025\/10\/OT-Logo-neu-dblau-Light-2.svg","contentUrl":"https:\/\/www.ostseetraum-ferienwohnungen.de\/wp-content\/uploads\/2025\/10\/OT-Logo-neu-dblau-Light-2.svg","caption":"Ostseetraum Ferienwohnungen"},"image":{"@id":"https:\/\/www.ostseetraum-ferienwohnungen.de\/de\/#\/schema\/logo\/image\/"}}]}},"_links":{"self":[{"href":"https:\/\/www.ostseetraum-ferienwohnungen.de\/de\/wp-json\/wp\/v2\/pages\/930","targetHints":{"allow":["GET"]}}],"collection":[{"href":"https:\/\/www.ostseetraum-ferienwohnungen.de\/de\/wp-json\/wp\/v2\/pages"}],"about":[{"href":"https:\/\/www.ostseetraum-ferienwohnungen.de\/de\/wp-json\/wp\/v2\/types\/page"}],"author":[{"embeddable":true,"href":"https:\/\/www.ostseetraum-ferienwohnungen.de\/de\/wp-json\/wp\/v2\/users\/1"}],"replies":[{"embeddable":true,"href":"https:\/\/www.ostseetraum-ferienwohnungen.de\/de\/wp-json\/wp\/v2\/comments?post=930"}],"version-history":[{"count":30,"href":"https:\/\/www.ostseetraum-ferienwohnungen.de\/de\/wp-json\/wp\/v2\/pages\/930\/revisions"}],"predecessor-version":[{"id":17133,"href":"https:\/\/www.ostseetraum-ferienwohnungen.de\/de\/wp-json\/wp\/v2\/pages\/930\/revisions\/17133"}],"up":[{"embeddable":true,"href":"https:\/\/www.ostseetraum-ferienwohnungen.de\/de\/wp-json\/wp\/v2\/pages\/926"}],"wp:featuredmedia":[{"embeddable":true,"href":"https:\/\/www.ostseetraum-ferienwohnungen.de\/de\/wp-json\/wp\/v2\/media\/12161"}],"wp:attachment":[{"href":"https:\/\/www.ostseetraum-ferienwohnungen.de\/de\/wp-json\/wp\/v2\/media?parent=930"}],"wp:term":[{"taxonomy":"seitenart","embeddable":true,"href":"https:\/\/www.ostseetraum-ferienwohnungen.de\/de\/wp-json\/wp\/v2\/seitenart?post=930"}],"curies":[{"name":"wp","href":"https:\/\/api.w.org\/{rel}","templated":true}]}}